{"id":456,"date":"2020-11-18T21:16:34","date_gmt":"2020-11-18T21:16:34","guid":{"rendered":"https:\/\/cedieurope.com\/?page_id=456"},"modified":"2020-11-27T08:04:21","modified_gmt":"2020-11-27T08:04:21","slug":"installations","status":"publish","type":"page","link":"https:\/\/cedieurope.com\/pt\/installations\/","title":{"rendered":"Instala\u00e7\u00f5es"},"content":{"rendered":"<section class=\"l-section wpb_row us_custom_916932ea height_medium\"><div class=\"l-section-overlay\" style=\"background:rgba(0,0,0,0.5)\"><\/div><div class=\"l-section-h i-cf\"><div class=\"g-cols vc_row via_flex valign_top type_default stacking_default\"><div class=\"vc_col-sm-12 wpb_column vc_column_container\"><div class=\"vc_column-inner\"><div class=\"wpb_wrapper\"><div class=\"ult-spacer spacer-69e5276e59bdd\" data-id=\"69e5276e59bdd\" data-height=\"400\" data-height-mobile=\"400\" data-height-tab=\"400\" data-height-tab-portrait=\"\" data-height-mobile-landscape=\"\" style=\"clear:both;display:block;\"><\/div><\/div><\/div><\/div><\/div><\/div><\/section><section class=\"l-section wpb_row height_medium\"><div class=\"l-section-h i-cf\"><div class=\"g-cols vc_row via_flex valign_top type_default stacking_default\"><div class=\"vc_col-sm-12 wpb_column vc_column_container\"><div class=\"vc_column-inner\"><div class=\"wpb_wrapper\"><div class=\"wpb_text_column\"><div class=\"wpb_wrapper\"><h1>Instala\u00e7\u00f5es<\/h1>\n<p>Os servi\u00e7os da CEDI Europe incluem a instala\u00e7\u00e3o de equipamentos de sa\u00fade complexos. \nNos \u00faltimos 25 anos implementamos com sucesso a instala\u00e7\u00e3o de equipamentos em hospitais, laborat\u00f3rios, cl\u00ednicas e outras instala\u00e7\u00f5es de sa\u00fade na Europa, Caribe, Am\u00e9rica Latina, \u00c1frica e \u00c1sia.<\/p>\n<p>Os nossos t\u00e9cnicos altamente treinados e outros especialistas passam regularmente por um extenso treino pr\u00e1tico na Holanda e nos nossos escrit\u00f3rios regionais do Panam\u00e1 e da Costa Rica.<\/p>\n<\/div><\/div><\/div><\/div><\/div><\/div><\/div><\/section>","protected":false},"excerpt":{"rendered":"Installations CEDI Europe\u2019s services include the installation of complex healthcare equipment. We have successfully implemented the installation of equipment at hospitals, laboratories, clinics and other healthcare facilities in Europe, the Caribbean, Latin America, Africa and Asia over the last 25 years. Our highly trained technicians and other specialists undergo regularly extensive training in the field...","protected":false},"author":2,"featured_media":0,"parent":0,"menu_order":0,"comment_status":"closed","ping_status":"closed","template":"","meta":{"_acf_changed":false,"inline_featured_image":false,"footnotes":""},"class_list":["post-456","page","type-page","status-publish","hentry"],"acf":[],"_links":{"self":[{"href":"https:\/\/cedieurope.com\/pt\/wp-json\/wp\/v2\/pages\/456","targetHints":{"allow":["GET"]}}],"collection":[{"href":"https:\/\/cedieurope.com\/pt\/wp-json\/wp\/v2\/pages"}],"about":[{"href":"https:\/\/cedieurope.com\/pt\/wp-json\/wp\/v2\/types\/page"}],"author":[{"embeddable":true,"href":"https:\/\/cedieurope.com\/pt\/wp-json\/wp\/v2\/users\/2"}],"replies":[{"embeddable":true,"href":"https:\/\/cedieurope.com\/pt\/wp-json\/wp\/v2\/comments?post=456"}],"version-history":[{"count":6,"href":"https:\/\/cedieurope.com\/pt\/wp-json\/wp\/v2\/pages\/456\/revisions"}],"predecessor-version":[{"id":488,"href":"https:\/\/cedieurope.com\/pt\/wp-json\/wp\/v2\/pages\/456\/revisions\/488"}],"wp:attachment":[{"href":"https:\/\/cedieurope.com\/pt\/wp-json\/wp\/v2\/media?parent=456"}],"curies":[{"name":"wp","href":"https:\/\/api.w.org\/{rel}","templated":true}]}}