{"id":452,"date":"2020-11-18T21:15:49","date_gmt":"2020-11-18T21:15:49","guid":{"rendered":"https:\/\/cedieurope.com\/?page_id=452"},"modified":"2020-11-24T07:52:58","modified_gmt":"2020-11-24T07:52:58","slug":"logistics","status":"publish","type":"page","link":"https:\/\/cedieurope.com\/pt\/logistics\/","title":{"rendered":"Log\u00edstica"},"content":{"rendered":"<section class=\"l-section wpb_row us_custom_cc3cc72c height_medium\"><div class=\"l-section-overlay\" style=\"background:rgba(0,0,0,0.5)\"><\/div><div class=\"l-section-h i-cf\"><div class=\"g-cols vc_row via_flex valign_top type_default stacking_default\"><div class=\"vc_col-sm-12 wpb_column vc_column_container\"><div class=\"vc_column-inner\"><div class=\"wpb_wrapper\"><div class=\"ult-spacer spacer-69e4f276df330\" data-id=\"69e4f276df330\" data-height=\"400\" data-height-mobile=\"400\" data-height-tab=\"400\" data-height-tab-portrait=\"\" data-height-mobile-landscape=\"\" style=\"clear:both;display:block;\"><\/div><\/div><\/div><\/div><\/div><\/div><\/section><section class=\"l-section wpb_row height_medium\"><div class=\"l-section-h i-cf\"><div class=\"g-cols vc_row via_flex valign_top type_default stacking_default\"><div class=\"vc_col-sm-12 wpb_column vc_column_container\"><div class=\"vc_column-inner\"><div class=\"wpb_wrapper\"><div class=\"wpb_text_column\"><div class=\"wpb_wrapper\"><h1>Log\u00edstica<\/h1>\n<p>A consolida\u00e7\u00e3o, o transporte e a garantia de qualidade dos projetos chave na m\u00e3o ocorrem no armaz\u00e9m de nosso parceiro log\u00edstico Holand\u00eas, <a href=\"https:\/\/greenshieldsandpartners.com\/\">Greenshields and Partners<\/a>Com mais de 25 anos de experi\u00eancia, Greenshields and Partners, \u00e9 especialista em log\u00edstica em projetos de ajuda internacional, tanto em \u00e1reas rurais como urbanas.<\/p>\n<\/div><\/div><\/div><\/div><\/div><\/div><\/div><\/section>","protected":false},"excerpt":{"rendered":"Logistics Consolidation, transport and quality assurance of the turnkey projects occurs in the warehouse of our Dutch logistics partner, Greenshields and Partners. With over 25 years of experience, Greenshields and Partners are the experts in logistics in international aid projects to both rural and urban areas.","protected":false},"author":2,"featured_media":0,"parent":0,"menu_order":0,"comment_status":"closed","ping_status":"closed","template":"","meta":{"_acf_changed":false,"inline_featured_image":false,"footnotes":""},"class_list":["post-452","page","type-page","status-publish","hentry"],"acf":[],"_links":{"self":[{"href":"https:\/\/cedieurope.com\/pt\/wp-json\/wp\/v2\/pages\/452","targetHints":{"allow":["GET"]}}],"collection":[{"href":"https:\/\/cedieurope.com\/pt\/wp-json\/wp\/v2\/pages"}],"about":[{"href":"https:\/\/cedieurope.com\/pt\/wp-json\/wp\/v2\/types\/page"}],"author":[{"embeddable":true,"href":"https:\/\/cedieurope.com\/pt\/wp-json\/wp\/v2\/users\/2"}],"replies":[{"embeddable":true,"href":"https:\/\/cedieurope.com\/pt\/wp-json\/wp\/v2\/comments?post=452"}],"version-history":[{"count":4,"href":"https:\/\/cedieurope.com\/pt\/wp-json\/wp\/v2\/pages\/452\/revisions"}],"predecessor-version":[{"id":476,"href":"https:\/\/cedieurope.com\/pt\/wp-json\/wp\/v2\/pages\/452\/revisions\/476"}],"wp:attachment":[{"href":"https:\/\/cedieurope.com\/pt\/wp-json\/wp\/v2\/media?parent=452"}],"curies":[{"name":"wp","href":"https:\/\/api.w.org\/{rel}","templated":true}]}}