{"id":450,"date":"2020-11-18T21:15:32","date_gmt":"2020-11-18T21:15:32","guid":{"rendered":"https:\/\/cedieurope.com\/?page_id=450"},"modified":"2020-11-18T21:28:10","modified_gmt":"2020-11-18T21:28:10","slug":"project-management","status":"publish","type":"page","link":"https:\/\/cedieurope.com\/pt\/project-management\/","title":{"rendered":"Gest\u00e3o de Projetos"},"content":{"rendered":"<section class=\"l-section wpb_row us_custom_1b36936f height_medium\"><div class=\"l-section-overlay\" style=\"background:rgba(0,0,0,0.5)\"><\/div><div class=\"l-section-h i-cf\"><div class=\"g-cols vc_row via_flex valign_top type_default stacking_default\"><div class=\"vc_col-sm-12 wpb_column vc_column_container\"><div class=\"vc_column-inner\"><div class=\"wpb_wrapper\"><div class=\"ult-spacer spacer-69e38baa80e1f\" data-id=\"69e38baa80e1f\" data-height=\"400\" data-height-mobile=\"400\" data-height-tab=\"400\" data-height-tab-portrait=\"\" data-height-mobile-landscape=\"\" style=\"clear:both;display:block;\"><\/div><\/div><\/div><\/div><\/div><\/div><\/section><section class=\"l-section wpb_row height_medium\"><div class=\"l-section-h i-cf\"><div class=\"g-cols vc_row via_flex valign_top type_default stacking_default\"><div class=\"vc_col-sm-12 wpb_column vc_column_container\"><div class=\"vc_column-inner\"><div class=\"wpb_wrapper\"><div class=\"wpb_text_column\"><div class=\"wpb_wrapper\"><h1>Gest\u00e3o de Projetos<\/h1>\n<p>A CEDI Europe desenvolve solu\u00e7\u00f5es personalizadas, incluindo planeamento conceitual e estrat\u00e9gia de unidades de sa\u00fade. A CEDI leva em considera\u00e7\u00e3o todos os fatores relevantes ao projeto, incluindo considera\u00e7\u00f5es econ\u00f4micas, t\u00e9cnicas, jur\u00eddicas e de planeamento, para uma conclus\u00e3o com sucesso do projeto de sa\u00fade.<\/p>\n<\/div><\/div><\/div><\/div><\/div><\/div><\/div><\/section>","protected":false},"excerpt":{"rendered":"Project Management CEDI Europe develops customized solutions including the conceptual planning and strategy of healthcare facilities. Hereby CEDI takes all of a project\u2019s relevant factors into account, including economic, technical, legal, and scheduling considerations, to complete the health project successfully.","protected":false},"author":2,"featured_media":0,"parent":0,"menu_order":0,"comment_status":"closed","ping_status":"closed","template":"","meta":{"_acf_changed":false,"inline_featured_image":false,"footnotes":""},"class_list":["post-450","page","type-page","status-publish","hentry"],"acf":[],"_links":{"self":[{"href":"https:\/\/cedieurope.com\/pt\/wp-json\/wp\/v2\/pages\/450","targetHints":{"allow":["GET"]}}],"collection":[{"href":"https:\/\/cedieurope.com\/pt\/wp-json\/wp\/v2\/pages"}],"about":[{"href":"https:\/\/cedieurope.com\/pt\/wp-json\/wp\/v2\/types\/page"}],"author":[{"embeddable":true,"href":"https:\/\/cedieurope.com\/pt\/wp-json\/wp\/v2\/users\/2"}],"replies":[{"embeddable":true,"href":"https:\/\/cedieurope.com\/pt\/wp-json\/wp\/v2\/comments?post=450"}],"version-history":[{"count":3,"href":"https:\/\/cedieurope.com\/pt\/wp-json\/wp\/v2\/pages\/450\/revisions"}],"predecessor-version":[{"id":467,"href":"https:\/\/cedieurope.com\/pt\/wp-json\/wp\/v2\/pages\/450\/revisions\/467"}],"wp:attachment":[{"href":"https:\/\/cedieurope.com\/pt\/wp-json\/wp\/v2\/media?parent=450"}],"curies":[{"name":"wp","href":"https:\/\/api.w.org\/{rel}","templated":true}]}}