{"id":460,"date":"2020-11-18T21:17:13","date_gmt":"2020-11-18T21:17:13","guid":{"rendered":"https:\/\/cedieurope.com\/?page_id=460"},"modified":"2020-11-27T08:34:15","modified_gmt":"2020-11-27T08:34:15","slug":"maintenance","status":"publish","type":"page","link":"https:\/\/cedieurope.com\/fr\/maintenance\/","title":{"rendered":"Maintenance"},"content":{"rendered":"<section class=\"l-section wpb_row us_custom_e63d301f height_medium\"><div class=\"l-section-overlay\" style=\"background:rgba(0,0,0,0.5)\"><\/div><div class=\"l-section-h i-cf\"><div class=\"g-cols vc_row via_flex valign_top type_default stacking_default\"><div class=\"vc_col-sm-12 wpb_column vc_column_container\"><div class=\"vc_column-inner\"><div class=\"wpb_wrapper\"><div class=\"ult-spacer spacer-69e4db41a257e\" data-id=\"69e4db41a257e\" data-height=\"400\" data-height-mobile=\"400\" data-height-tab=\"400\" data-height-tab-portrait=\"\" data-height-mobile-landscape=\"\" style=\"clear:both;display:block;\"><\/div><\/div><\/div><\/div><\/div><\/div><\/section><section class=\"l-section wpb_row height_medium\"><div class=\"l-section-h i-cf\"><div class=\"g-cols vc_row via_flex valign_top type_default stacking_default\"><div class=\"vc_col-sm-12 wpb_column vc_column_container\"><div class=\"vc_column-inner\"><div class=\"wpb_wrapper\"><div class=\"wpb_text_column\"><div class=\"wpb_wrapper\"><h1>Maintenance<\/h1>\n<p>En \u00e9troite collaboration avec notre r\u00e9seau international d'entreprises biom\u00e9dicales locales, CEDI Europe s\u2019occupe de la formation de ces prestataires locaux,  afin d\u2019assurer une maintenance pr\u00e9ventive et corrective \u00e0 tout moment sur place.<\/p>\n<\/div><\/div><\/div><\/div><\/div><\/div><\/div><\/section>","protected":false},"excerpt":{"rendered":"Maintenance In close collaboration with our worldwide network of local biomedical companies, CEDI Europe trains those service providers in order to ensure local and timely preventive and corrective maintenance.","protected":false},"author":2,"featured_media":0,"parent":0,"menu_order":0,"comment_status":"closed","ping_status":"closed","template":"","meta":{"_acf_changed":false,"inline_featured_image":false,"footnotes":""},"class_list":["post-460","page","type-page","status-publish","hentry"],"acf":[],"_links":{"self":[{"href":"https:\/\/cedieurope.com\/fr\/wp-json\/wp\/v2\/pages\/460","targetHints":{"allow":["GET"]}}],"collection":[{"href":"https:\/\/cedieurope.com\/fr\/wp-json\/wp\/v2\/pages"}],"about":[{"href":"https:\/\/cedieurope.com\/fr\/wp-json\/wp\/v2\/types\/page"}],"author":[{"embeddable":true,"href":"https:\/\/cedieurope.com\/fr\/wp-json\/wp\/v2\/users\/2"}],"replies":[{"embeddable":true,"href":"https:\/\/cedieurope.com\/fr\/wp-json\/wp\/v2\/comments?post=460"}],"version-history":[{"count":4,"href":"https:\/\/cedieurope.com\/fr\/wp-json\/wp\/v2\/pages\/460\/revisions"}],"predecessor-version":[{"id":490,"href":"https:\/\/cedieurope.com\/fr\/wp-json\/wp\/v2\/pages\/460\/revisions\/490"}],"wp:attachment":[{"href":"https:\/\/cedieurope.com\/fr\/wp-json\/wp\/v2\/media?parent=460"}],"curies":[{"name":"wp","href":"https:\/\/api.w.org\/{rel}","templated":true}]}}