{"id":456,"date":"2020-11-18T21:16:34","date_gmt":"2020-11-18T21:16:34","guid":{"rendered":"https:\/\/cedieurope.com\/?page_id=456"},"modified":"2020-11-27T08:04:21","modified_gmt":"2020-11-27T08:04:21","slug":"installations","status":"publish","type":"page","link":"https:\/\/cedieurope.com\/fr\/installations\/","title":{"rendered":"Installations"},"content":{"rendered":"<section class=\"l-section wpb_row us_custom_916932ea height_medium\"><div class=\"l-section-overlay\" style=\"background:rgba(0,0,0,0.5)\"><\/div><div class=\"l-section-h i-cf\"><div class=\"g-cols vc_row via_flex valign_top type_default stacking_default\"><div class=\"vc_col-sm-12 wpb_column vc_column_container\"><div class=\"vc_column-inner\"><div class=\"wpb_wrapper\"><div class=\"ult-spacer spacer-69d2561673b02\" data-id=\"69d2561673b02\" data-height=\"400\" data-height-mobile=\"400\" data-height-tab=\"400\" data-height-tab-portrait=\"\" data-height-mobile-landscape=\"\" style=\"clear:both;display:block;\"><\/div><\/div><\/div><\/div><\/div><\/div><\/section><section class=\"l-section wpb_row height_medium\"><div class=\"l-section-h i-cf\"><div class=\"g-cols vc_row via_flex valign_top type_default stacking_default\"><div class=\"vc_col-sm-12 wpb_column vc_column_container\"><div class=\"vc_column-inner\"><div class=\"wpb_wrapper\"><div class=\"wpb_text_column\"><div class=\"wpb_wrapper\"><h1>Installations<\/h1>\n<p>Les services de CEDI Europe incluent l'installation d'\u00e9quipements de sant\u00e9 complexes. Nous avons install\u00e9 avec succ\u00e8s des \u00e9quipements dans des h\u00f4pitaux, des laboratoires, des cliniques et d'autres \u00e9tablissements de sant\u00e9 en Europe, dans les Cara\u00efbes, en Am\u00e9rique latine, en Afrique et en Asie au cours des 25 derni\u00e8res ann\u00e9es.<\/p>\n<p>Nos techniciens hautement qualifi\u00e9s et autres sp\u00e9cialistes suivent r\u00e9guli\u00e8rement une formation approfondie sur le terrain aux Pays-Bas et dans nos succursales r\u00e9gionales au Panama et au Costa Rica.<\/p>\n<\/div><\/div><\/div><\/div><\/div><\/div><\/div><\/section>","protected":false},"excerpt":{"rendered":"Installations CEDI Europe\u2019s services include the installation of complex healthcare equipment. We have successfully implemented the installation of equipment at hospitals, laboratories, clinics and other healthcare facilities in Europe, the Caribbean, Latin America, Africa and Asia over the last 25 years. Our highly trained technicians and other specialists undergo regularly extensive training in the field...","protected":false},"author":2,"featured_media":0,"parent":0,"menu_order":0,"comment_status":"closed","ping_status":"closed","template":"","meta":{"_acf_changed":false,"inline_featured_image":false,"footnotes":""},"class_list":["post-456","page","type-page","status-publish","hentry"],"acf":[],"_links":{"self":[{"href":"https:\/\/cedieurope.com\/fr\/wp-json\/wp\/v2\/pages\/456","targetHints":{"allow":["GET"]}}],"collection":[{"href":"https:\/\/cedieurope.com\/fr\/wp-json\/wp\/v2\/pages"}],"about":[{"href":"https:\/\/cedieurope.com\/fr\/wp-json\/wp\/v2\/types\/page"}],"author":[{"embeddable":true,"href":"https:\/\/cedieurope.com\/fr\/wp-json\/wp\/v2\/users\/2"}],"replies":[{"embeddable":true,"href":"https:\/\/cedieurope.com\/fr\/wp-json\/wp\/v2\/comments?post=456"}],"version-history":[{"count":6,"href":"https:\/\/cedieurope.com\/fr\/wp-json\/wp\/v2\/pages\/456\/revisions"}],"predecessor-version":[{"id":488,"href":"https:\/\/cedieurope.com\/fr\/wp-json\/wp\/v2\/pages\/456\/revisions\/488"}],"wp:attachment":[{"href":"https:\/\/cedieurope.com\/fr\/wp-json\/wp\/v2\/media?parent=456"}],"curies":[{"name":"wp","href":"https:\/\/api.w.org\/{rel}","templated":true}]}}