{"id":452,"date":"2020-11-18T21:15:49","date_gmt":"2020-11-18T21:15:49","guid":{"rendered":"https:\/\/cedieurope.com\/?page_id=452"},"modified":"2020-11-24T07:52:58","modified_gmt":"2020-11-24T07:52:58","slug":"logistics","status":"publish","type":"page","link":"https:\/\/cedieurope.com\/fr\/logistics\/","title":{"rendered":"Logistique"},"content":{"rendered":"<section class=\"l-section wpb_row us_custom_cc3cc72c height_medium\"><div class=\"l-section-overlay\" style=\"background:rgba(0,0,0,0.5)\"><\/div><div class=\"l-section-h i-cf\"><div class=\"g-cols vc_row via_flex valign_top type_default stacking_default\"><div class=\"vc_col-sm-12 wpb_column vc_column_container\"><div class=\"vc_column-inner\"><div class=\"wpb_wrapper\"><div class=\"ult-spacer spacer-69e4f13ec1e99\" data-id=\"69e4f13ec1e99\" data-height=\"400\" data-height-mobile=\"400\" data-height-tab=\"400\" data-height-tab-portrait=\"\" data-height-mobile-landscape=\"\" style=\"clear:both;display:block;\"><\/div><\/div><\/div><\/div><\/div><\/div><\/section><section class=\"l-section wpb_row height_medium\"><div class=\"l-section-h i-cf\"><div class=\"g-cols vc_row via_flex valign_top type_default stacking_default\"><div class=\"vc_col-sm-12 wpb_column vc_column_container\"><div class=\"vc_column-inner\"><div class=\"wpb_wrapper\"><div class=\"wpb_text_column\"><div class=\"wpb_wrapper\"><h1>Logistique<\/h1>\n<p>Consolidation, transport et assurance qualit\u00e9 des projets cl\u00e9 en main ont lieu dans l'entrep\u00f4t de notre partenaire logistique n\u00e9erlandais, <a href=\"https:\/\/greenshieldsandpartners.com\/\">Greenshields and Partners<\/a>. Avec plus de 25 ans d'exp\u00e9rience, Greenshields and Partners, est l\u2019expert en logistique  des projets d'aide internationale en zones rurales et urbaines.<\/p>\n<\/div><\/div><\/div><\/div><\/div><\/div><\/div><\/section>","protected":false},"excerpt":{"rendered":"Logistics Consolidation, transport and quality assurance of the turnkey projects occurs in the warehouse of our Dutch logistics partner, Greenshields and Partners. With over 25 years of experience, Greenshields and Partners are the experts in logistics in international aid projects to both rural and urban areas.","protected":false},"author":2,"featured_media":0,"parent":0,"menu_order":0,"comment_status":"closed","ping_status":"closed","template":"","meta":{"_acf_changed":false,"inline_featured_image":false,"footnotes":""},"class_list":["post-452","page","type-page","status-publish","hentry"],"acf":[],"_links":{"self":[{"href":"https:\/\/cedieurope.com\/fr\/wp-json\/wp\/v2\/pages\/452","targetHints":{"allow":["GET"]}}],"collection":[{"href":"https:\/\/cedieurope.com\/fr\/wp-json\/wp\/v2\/pages"}],"about":[{"href":"https:\/\/cedieurope.com\/fr\/wp-json\/wp\/v2\/types\/page"}],"author":[{"embeddable":true,"href":"https:\/\/cedieurope.com\/fr\/wp-json\/wp\/v2\/users\/2"}],"replies":[{"embeddable":true,"href":"https:\/\/cedieurope.com\/fr\/wp-json\/wp\/v2\/comments?post=452"}],"version-history":[{"count":4,"href":"https:\/\/cedieurope.com\/fr\/wp-json\/wp\/v2\/pages\/452\/revisions"}],"predecessor-version":[{"id":476,"href":"https:\/\/cedieurope.com\/fr\/wp-json\/wp\/v2\/pages\/452\/revisions\/476"}],"wp:attachment":[{"href":"https:\/\/cedieurope.com\/fr\/wp-json\/wp\/v2\/media?parent=452"}],"curies":[{"name":"wp","href":"https:\/\/api.w.org\/{rel}","templated":true}]}}