{"id":450,"date":"2020-11-18T21:15:32","date_gmt":"2020-11-18T21:15:32","guid":{"rendered":"https:\/\/cedieurope.com\/?page_id=450"},"modified":"2020-11-18T21:28:10","modified_gmt":"2020-11-18T21:28:10","slug":"project-management","status":"publish","type":"page","link":"https:\/\/cedieurope.com\/fr\/project-management\/","title":{"rendered":"Gestion de projet"},"content":{"rendered":"<section class=\"l-section wpb_row us_custom_1b36936f height_medium\"><div class=\"l-section-overlay\" style=\"background:rgba(0,0,0,0.5)\"><\/div><div class=\"l-section-h i-cf\"><div class=\"g-cols vc_row via_flex valign_top type_default stacking_default\"><div class=\"vc_col-sm-12 wpb_column vc_column_container\"><div class=\"vc_column-inner\"><div class=\"wpb_wrapper\"><div class=\"ult-spacer spacer-69e3741f77313\" data-id=\"69e3741f77313\" data-height=\"400\" data-height-mobile=\"400\" data-height-tab=\"400\" data-height-tab-portrait=\"\" data-height-mobile-landscape=\"\" style=\"clear:both;display:block;\"><\/div><\/div><\/div><\/div><\/div><\/div><\/section><section class=\"l-section wpb_row height_medium\"><div class=\"l-section-h i-cf\"><div class=\"g-cols vc_row via_flex valign_top type_default stacking_default\"><div class=\"vc_col-sm-12 wpb_column vc_column_container\"><div class=\"vc_column-inner\"><div class=\"wpb_wrapper\"><div class=\"wpb_text_column\"><div class=\"wpb_wrapper\"><h1>Gestion de projet<\/h1>\n<p>CEDI Europe d\u00e9veloppe des solutions personnalis\u00e9es comprenant la planification conceptuelle et la strat\u00e9gie des \u00e9tablissements de sant\u00e9. CEDI prend en compte tous les facteurs essentiels d'un projet, y compris les contraintes \u00e9conomiques, techniques, juridiques et de calendrier, pour mener \u00e0 bien le projet de sant\u00e9 dans les meilleurs conditions.<\/p>\n<\/div><\/div><\/div><\/div><\/div><\/div><\/div><\/section>","protected":false},"excerpt":{"rendered":"Project Management CEDI Europe develops customized solutions including the conceptual planning and strategy of healthcare facilities. Hereby CEDI takes all of a project\u2019s relevant factors into account, including economic, technical, legal, and scheduling considerations, to complete the health project successfully.","protected":false},"author":2,"featured_media":0,"parent":0,"menu_order":0,"comment_status":"closed","ping_status":"closed","template":"","meta":{"_acf_changed":false,"inline_featured_image":false,"footnotes":""},"class_list":["post-450","page","type-page","status-publish","hentry"],"acf":[],"_links":{"self":[{"href":"https:\/\/cedieurope.com\/fr\/wp-json\/wp\/v2\/pages\/450","targetHints":{"allow":["GET"]}}],"collection":[{"href":"https:\/\/cedieurope.com\/fr\/wp-json\/wp\/v2\/pages"}],"about":[{"href":"https:\/\/cedieurope.com\/fr\/wp-json\/wp\/v2\/types\/page"}],"author":[{"embeddable":true,"href":"https:\/\/cedieurope.com\/fr\/wp-json\/wp\/v2\/users\/2"}],"replies":[{"embeddable":true,"href":"https:\/\/cedieurope.com\/fr\/wp-json\/wp\/v2\/comments?post=450"}],"version-history":[{"count":3,"href":"https:\/\/cedieurope.com\/fr\/wp-json\/wp\/v2\/pages\/450\/revisions"}],"predecessor-version":[{"id":467,"href":"https:\/\/cedieurope.com\/fr\/wp-json\/wp\/v2\/pages\/450\/revisions\/467"}],"wp:attachment":[{"href":"https:\/\/cedieurope.com\/fr\/wp-json\/wp\/v2\/media?parent=450"}],"curies":[{"name":"wp","href":"https:\/\/api.w.org\/{rel}","templated":true}]}}